{"id":2,"date":"2014-11-21T04:51:49","date_gmt":"2014-11-21T04:51:49","guid":{"rendered":"http:\/\/localhost\/wordpress-4.0.1\/wordpress\/?page_id=2"},"modified":"2017-05-01T10:10:51","modified_gmt":"2017-05-01T10:10:51","slug":"sample-page","status":"publish","type":"page","link":"http:\/\/www.tom-wer.de\/?page_id=2","title":{"rendered":"Leben."},"content":{"rendered":"<h2 style=\"text-align: center;\">Der Autor<\/h2>\n<p>Tom Werde wurde am 29.06.1979 in Bethesda, Maryland, USA, als drittes Kind eines Soldaten und einer Sekret\u00e4rin geboren, ist heute verheiratet und Vater zweier T\u00f6chter.<\/p>\n<p><span style=\"line-height: 1.5;\">Aufgewachsen in K\u00f6ln fand er dort \u00fcber die ehrenamtliche T\u00e4tigkeit f\u00fcr Feuerwehr und Hilfsorganisationen den Weg zum Medizinstudium, das er 2004 abschloss.<\/span><\/p>\n<p><span style=\"line-height: 1.5;\"> Nach Promotion 2007 und Qualifikation zum Facharzt f\u00fcr Orthop\u00e4die und Unfallchirurgie 2011 arbeitet er heute hauptberuflich als Notarzt in einem Landkreis in NRW.<\/span><\/p>\n<p>&nbsp;<\/p>\n<p>&nbsp;<\/p>\n<h2 style=\"text-align: center;\">Hobbies<\/h2>\n<p style=\"text-align: center;\">Wie wohl jeder Beruf schreit auch der meine nach einem Ausgleich in der Freizeit<\/p>\n<p>&nbsp;<\/p>\n<h4 style=\"text-align: center;\">Sporttauchen &#8211; &#8222;Abschalten und Genie\u00dfen&#8220;<\/h4>\n<p>Nirgends sonst habe ich bisher diese wundervolle Verbindung aus Ruhe und schwerelosem Erleben einer g\u00e4nzlich anderen Welt gefunden.<\/p>\n<p><em><span style=\"color: #999999;\"><a style=\"color: #999999;\" href=\"https:\/\/www.ducks-diving.com\/\">https:\/\/www.ducks-diving.com\/<\/a><\/span><\/em><\/p>\n<p><em><span style=\"color: #999999;\"><a style=\"color: #999999;\" href=\"http:\/\/www.diveconnection.com\/\">http:\/\/www.diveconnection.com\/<\/a><\/span><br \/>\n<\/em><\/p>\n<p>&nbsp;<\/p>\n<h4 style=\"text-align: center;\">Laufen &#8211; \u201eDen Kopf frei machen und Auspowern\u201c<\/h4>\n<p>Einfach und jederzeit ohne viel Aufwand, Vorbereitung oder Planung hilft mir das Laufen, aus dem Alltag auszubrechen und die t\u00e4glichen Zw\u00e4nge auszublenden.<\/p>\n<p><em><span style=\"color: #999999;\"><a style=\"color: #999999;\" href=\"https:\/\/koeln-marathon.de\/\">https:\/\/koeln-marathon.de\/<\/a><\/span><\/em><\/p>\n<p><span style=\"color: #999999;\"><em><a style=\"color: #999999;\" href=\"https:\/\/www.deutschepost-marathonbonn.de\/\">https:\/\/www.deutschepost-marathonbonn.de\/<\/a><\/em><\/span><\/p>\n<p>&nbsp;<\/p>\n<h4 style=\"text-align: center;\">Obstacle Race &#8211; \u201eHerausforderungen annehmen und Grenzen verschieben\u201c<\/h4>\n<p>Abseits des Allt\u00e4glichen fordern mich Veranstaltungen wie beispielsweise Mudmaster und Spartan Race vielseitig und bringen gelegentlich willkommene Abwechslung durch Grenzerfahrungen.<\/p>\n<p><em><span style=\"color: #999999;\"><a style=\"color: #999999;\" href=\"http:\/\/mudmasters.de\">http:\/\/mudmasters.de<\/a><\/span><\/em><\/p>\n<p><span style=\"color: #999999;\"><em><a style=\"color: #999999;\" href=\"http:\/\/www.spartanrace.de\/\">http:\/\/www.spartanrace.de\/<\/a><\/em><\/span><\/p>\n<p>&nbsp;<\/p>\n<h4 style=\"text-align: center;\">Klettern &#8211; \u201eDisziplin und Konzentration\u201c<\/h4>\n<p>Ganz anders als die reine Kraft- oder Ausdaueranforderung beim Laufen oder Obstacle Race fordert das Klettern K\u00f6rperspannung und Konzentration und dient fast eher als Mentalsport, wie ich finde. Erfreulicherweise bringt die wachsende Begeisterung meiner Kinder mich inzwischen wieder h\u00e4ufiger hierhin zur\u00fcck.<\/p>\n<p><span style=\"color: #999999;\"><em><a style=\"color: #999999;\" href=\"https:\/\/www.chimpanzodrome.de\/\">https:\/\/www.chimpanzodrome.de\/<\/a><\/em><\/span><\/p>\n<p>&nbsp;<\/p>\n<h4 style=\"text-align: center;\">Schlagzeug spielen &#8211; Koordination und \u201eFreidrehen\u201c<\/h4>\n<p>Im v\u00f6lligen Gegensatz zu allen sportlichen Aktivit\u00e4ten erweitert mir das Schlagzeugspielen (,das sich auch nach zwei Jahren eindeutig im Stadium des \u201emotivierten Lernens\u201c bewegt) die Anforderungen in den koordinativen, teils besser instinktiven und von der Logik entkoppelten Bereich, den ich unter dem zwanglosen Motto \u201eDer Weg ist das Ziel\u201c sehr genie\u00dfe, sofern sich die Zeit bietet.<\/p>\n<p>&nbsp;<\/p>\n<p>&nbsp;<\/p>\n<h2 style=\"text-align: center;\">Genuss<\/h2>\n<p style=\"text-align: center;\">die sch\u00f6nen Dinge des Lebens wollen erkannt werden<\/p>\n<p>&nbsp;<\/p>\n<h4 style=\"text-align: center;\">Musik und Konzerte<\/h4>\n<p>Abstand gewinnen und dem Alltag eine neue Farbe verleihen \u2013 das gelingt mir am besten durch Musik, am liebsten jederzeit als Untermalung und dann und wann als Highlights nat\u00fcrlich unverf\u00e4lscht und \u201elive\u201c (un\u00fcbertroffen an dieser Stelle meine universelle Lieblingsband \u201eRush\u201c).<\/p>\n<p><span style=\"color: #999999;\"><em><a style=\"color: #999999;\" href=\"https:\/\/www.rush.com\/\">https:\/\/www.rush.com\/<\/a><\/em><\/span><\/p>\n<p>&nbsp;<\/p>\n<p>&nbsp;<\/p>\n<h4 style=\"text-align: center;\">Kunst<\/h4>\n<p>Es mag meinem fortschreitenden Alter (charmanter gesprochen: der vermeintlichen Reife) geschuldet sein, dass ich mehr und mehr Freude an Kunst (Bilder in gemalter oder fotografierter Form) finde.\u00a0 Zuletzt hinterlie\u00df mich eine Kunstinstallation namens \u201e<em>Art in Motion\u201c <\/em>\u00a0nachhaltig beeindruckt, in der Videoprojektionen von Werken von Van Gogh, Klimt und Monet unterlegt mit klassischer Musik \u201ezum Leben erweckt\u201c wurden.<\/p>\n<p><em><span style=\"color: #999999;\"><a style=\"color: #999999;\" href=\"https:\/\/www.monet2klimt.de\/\">https:\/\/www.monet2klimt.de\/<\/a><\/span><\/em><\/p>\n<p>&nbsp;<\/p>\n<h4 style=\"text-align: center;\">Essen<\/h4>\n<p>Die wohl basalste und gleichzeitig vielf\u00e4ltigste Form des Genusses mag das gute Essen sein. In Aufwand, Anspruch und Gestaltung unz\u00e4hlig variant, glaube ich, dass vor allem eine intensive Besch\u00e4ftigung mit dem, was wir essen (am besten, indem wir es selbst verarbeiten) zur k\u00f6rperlichen und geistigen Gesunderhaltung beitr\u00e4gt. In diesem Sinne feiere ich noch immer den Menschen, der es television\u00e4r geschafft hat, mein Vertrauen in meine Kochfertigkeiten zu wecken \u2013 Jamie Oliver.<\/p>\n<p><span style=\"color: #999999;\"><em><a style=\"color: #999999;\" href=\"http:\/\/www.jamieoliver.com\/\">http:\/\/www.jamieoliver.com\/<\/a><\/em><\/span><\/p>\n<p>&nbsp;<\/p>\n\n\t\t<style type=\"text\/css\">\n\t\t\t#gallery-1 {\n\t\t\t\tmargin: auto;\n\t\t\t}\n\t\t\t#gallery-1 .gallery-item {\n\t\t\t\tfloat: left;\n\t\t\t\tmargin-top: 10px;\n\t\t\t\ttext-align: center;\n\t\t\t\twidth: 20%;\n\t\t\t}\n\t\t\t#gallery-1 img {\n\t\t\t\tborder: 2px solid #cfcfcf;\n\t\t\t}\n\t\t\t#gallery-1 .gallery-caption {\n\t\t\t\tmargin-left: 0;\n\t\t\t}\n\t\t\t\/* see gallery_shortcode() in wp-includes\/media.php *\/\n\t\t<\/style>\n\t\t<div id='gallery-1' class='gallery galleryid-2 gallery-columns-5 gallery-size-thumbnail'><dl class='gallery-item'>\n\t\t\t<dt class='gallery-icon landscape'>\n\t\t\t\t<a href='http:\/\/www.tom-wer.de\/?attachment_id=126'><img loading=\"lazy\" decoding=\"async\" width=\"150\" height=\"150\" src=\"http:\/\/tom-wer.de\/wordpress\/tomwerde\/wp-content\/uploads\/2017\/04\/20140107_0359430-150x150.jpg\" class=\"attachment-thumbnail size-thumbnail\" alt=\"\" srcset=\"http:\/\/tom-wer.de\/wordpress\/tomwerde\/wp-content\/uploads\/2017\/04\/20140107_0359430-150x150.jpg 150w, http:\/\/tom-wer.de\/wordpress\/tomwerde\/wp-content\/uploads\/2017\/04\/20140107_0359430-48x48.jpg 48w, http:\/\/tom-wer.de\/wordpress\/tomwerde\/wp-content\/uploads\/2017\/04\/20140107_0359430-186x186.jpg 186w, http:\/\/tom-wer.de\/wordpress\/tomwerde\/wp-content\/uploads\/2017\/04\/20140107_0359430-184x184.jpg 184w\" sizes=\"(max-width: 150px) 100vw, 150px\" \/><\/a>\n\t\t\t<\/dt><\/dl><dl class='gallery-item'>\n\t\t\t<dt class='gallery-icon landscape'>\n\t\t\t\t<a href='http:\/\/www.tom-wer.de\/?attachment_id=127'><img loading=\"lazy\" decoding=\"async\" width=\"150\" height=\"150\" src=\"http:\/\/tom-wer.de\/wordpress\/tomwerde\/wp-content\/uploads\/2017\/04\/20140107_0401520-150x150.jpg\" class=\"attachment-thumbnail size-thumbnail\" alt=\"\" srcset=\"http:\/\/tom-wer.de\/wordpress\/tomwerde\/wp-content\/uploads\/2017\/04\/20140107_0401520-150x150.jpg 150w, http:\/\/tom-wer.de\/wordpress\/tomwerde\/wp-content\/uploads\/2017\/04\/20140107_0401520-48x48.jpg 48w, http:\/\/tom-wer.de\/wordpress\/tomwerde\/wp-content\/uploads\/2017\/04\/20140107_0401520-186x186.jpg 186w, http:\/\/tom-wer.de\/wordpress\/tomwerde\/wp-content\/uploads\/2017\/04\/20140107_0401520-184x184.jpg 184w\" sizes=\"(max-width: 150px) 100vw, 150px\" \/><\/a>\n\t\t\t<\/dt><\/dl><dl class='gallery-item'>\n\t\t\t<dt class='gallery-icon landscape'>\n\t\t\t\t<a href='http:\/\/www.tom-wer.de\/?attachment_id=172'><img loading=\"lazy\" decoding=\"async\" width=\"150\" height=\"150\" src=\"http:\/\/tom-wer.de\/wordpress\/tomwerde\/wp-content\/uploads\/2017\/05\/039_36A-150x150.jpg\" class=\"attachment-thumbnail size-thumbnail\" alt=\"\" srcset=\"http:\/\/tom-wer.de\/wordpress\/tomwerde\/wp-content\/uploads\/2017\/05\/039_36A-150x150.jpg 150w, http:\/\/tom-wer.de\/wordpress\/tomwerde\/wp-content\/uploads\/2017\/05\/039_36A-48x48.jpg 48w, http:\/\/tom-wer.de\/wordpress\/tomwerde\/wp-content\/uploads\/2017\/05\/039_36A-186x186.jpg 186w, http:\/\/tom-wer.de\/wordpress\/tomwerde\/wp-content\/uploads\/2017\/05\/039_36A-184x184.jpg 184w\" sizes=\"(max-width: 150px) 100vw, 150px\" \/><\/a>\n\t\t\t<\/dt><\/dl><dl class='gallery-item'>\n\t\t\t<dt class='gallery-icon landscape'>\n\t\t\t\t<a href='http:\/\/www.tom-wer.de\/?attachment_id=125'><img loading=\"lazy\" decoding=\"async\" width=\"150\" height=\"150\" src=\"http:\/\/tom-wer.de\/wordpress\/tomwerde\/wp-content\/uploads\/2017\/04\/20140102_0030040-150x150.jpg\" class=\"attachment-thumbnail size-thumbnail\" alt=\"\" srcset=\"http:\/\/tom-wer.de\/wordpress\/tomwerde\/wp-content\/uploads\/2017\/04\/20140102_0030040-150x150.jpg 150w, http:\/\/tom-wer.de\/wordpress\/tomwerde\/wp-content\/uploads\/2017\/04\/20140102_0030040-48x48.jpg 48w, http:\/\/tom-wer.de\/wordpress\/tomwerde\/wp-content\/uploads\/2017\/04\/20140102_0030040-186x186.jpg 186w, http:\/\/tom-wer.de\/wordpress\/tomwerde\/wp-content\/uploads\/2017\/04\/20140102_0030040-184x184.jpg 184w\" sizes=\"(max-width: 150px) 100vw, 150px\" \/><\/a>\n\t\t\t<\/dt><\/dl><dl class='gallery-item'>\n\t\t\t<dt class='gallery-icon landscape'>\n\t\t\t\t<a href='http:\/\/www.tom-wer.de\/?attachment_id=48'><img loading=\"lazy\" decoding=\"async\" width=\"150\" height=\"150\" src=\"http:\/\/tom-wer.de\/wordpress\/tomwerde\/wp-content\/uploads\/2017\/04\/DSCI1115-150x150.jpg\" class=\"attachment-thumbnail size-thumbnail\" alt=\"\" srcset=\"http:\/\/tom-wer.de\/wordpress\/tomwerde\/wp-content\/uploads\/2017\/04\/DSCI1115-150x150.jpg 150w, http:\/\/tom-wer.de\/wordpress\/tomwerde\/wp-content\/uploads\/2017\/04\/DSCI1115-48x48.jpg 48w, http:\/\/tom-wer.de\/wordpress\/tomwerde\/wp-content\/uploads\/2017\/04\/DSCI1115-186x186.jpg 186w, http:\/\/tom-wer.de\/wordpress\/tomwerde\/wp-content\/uploads\/2017\/04\/DSCI1115-184x184.jpg 184w\" sizes=\"(max-width: 150px) 100vw, 150px\" \/><\/a>\n\t\t\t<\/dt><\/dl><br style=\"clear: both\" \/><dl class='gallery-item'>\n\t\t\t<dt class='gallery-icon landscape'>\n\t\t\t\t<a href='http:\/\/www.tom-wer.de\/?attachment_id=130'><img loading=\"lazy\" decoding=\"async\" width=\"150\" height=\"150\" src=\"http:\/\/tom-wer.de\/wordpress\/tomwerde\/wp-content\/uploads\/2017\/04\/2014-03-20-18.33.24-150x150.jpg\" class=\"attachment-thumbnail size-thumbnail\" alt=\"\" srcset=\"http:\/\/tom-wer.de\/wordpress\/tomwerde\/wp-content\/uploads\/2017\/04\/2014-03-20-18.33.24-150x150.jpg 150w, http:\/\/tom-wer.de\/wordpress\/tomwerde\/wp-content\/uploads\/2017\/04\/2014-03-20-18.33.24-48x48.jpg 48w, http:\/\/tom-wer.de\/wordpress\/tomwerde\/wp-content\/uploads\/2017\/04\/2014-03-20-18.33.24-186x186.jpg 186w, http:\/\/tom-wer.de\/wordpress\/tomwerde\/wp-content\/uploads\/2017\/04\/2014-03-20-18.33.24-184x184.jpg 184w\" sizes=\"(max-width: 150px) 100vw, 150px\" \/><\/a>\n\t\t\t<\/dt><\/dl><dl class='gallery-item'>\n\t\t\t<dt class='gallery-icon landscape'>\n\t\t\t\t<a href='http:\/\/www.tom-wer.de\/?attachment_id=123'><img loading=\"lazy\" decoding=\"async\" width=\"150\" height=\"150\" src=\"http:\/\/tom-wer.de\/wordpress\/tomwerde\/wp-content\/uploads\/2017\/04\/20150627_1527460-150x150.jpg\" class=\"attachment-thumbnail size-thumbnail\" alt=\"\" srcset=\"http:\/\/tom-wer.de\/wordpress\/tomwerde\/wp-content\/uploads\/2017\/04\/20150627_1527460-150x150.jpg 150w, http:\/\/tom-wer.de\/wordpress\/tomwerde\/wp-content\/uploads\/2017\/04\/20150627_1527460-48x48.jpg 48w, http:\/\/tom-wer.de\/wordpress\/tomwerde\/wp-content\/uploads\/2017\/04\/20150627_1527460-186x186.jpg 186w, http:\/\/tom-wer.de\/wordpress\/tomwerde\/wp-content\/uploads\/2017\/04\/20150627_1527460-184x184.jpg 184w\" sizes=\"(max-width: 150px) 100vw, 150px\" \/><\/a>\n\t\t\t<\/dt><\/dl><dl class='gallery-item'>\n\t\t\t<dt class='gallery-icon landscape'>\n\t\t\t\t<a href='http:\/\/www.tom-wer.de\/?attachment_id=124'><img loading=\"lazy\" decoding=\"async\" width=\"150\" height=\"150\" src=\"http:\/\/tom-wer.de\/wordpress\/tomwerde\/wp-content\/uploads\/2017\/04\/20150627_1527370-150x150.jpg\" class=\"attachment-thumbnail size-thumbnail\" alt=\"\" srcset=\"http:\/\/tom-wer.de\/wordpress\/tomwerde\/wp-content\/uploads\/2017\/04\/20150627_1527370-150x150.jpg 150w, http:\/\/tom-wer.de\/wordpress\/tomwerde\/wp-content\/uploads\/2017\/04\/20150627_1527370-48x48.jpg 48w, http:\/\/tom-wer.de\/wordpress\/tomwerde\/wp-content\/uploads\/2017\/04\/20150627_1527370-186x186.jpg 186w, http:\/\/tom-wer.de\/wordpress\/tomwerde\/wp-content\/uploads\/2017\/04\/20150627_1527370-184x184.jpg 184w\" sizes=\"(max-width: 150px) 100vw, 150px\" \/><\/a>\n\t\t\t<\/dt><\/dl><dl class='gallery-item'>\n\t\t\t<dt class='gallery-icon landscape'>\n\t\t\t\t<a href='http:\/\/www.tom-wer.de\/?attachment_id=134'><img loading=\"lazy\" decoding=\"async\" width=\"150\" height=\"150\" src=\"http:\/\/tom-wer.de\/wordpress\/tomwerde\/wp-content\/uploads\/2017\/04\/IMG_2214-150x150.jpg\" class=\"attachment-thumbnail size-thumbnail\" alt=\"\" srcset=\"http:\/\/tom-wer.de\/wordpress\/tomwerde\/wp-content\/uploads\/2017\/04\/IMG_2214-150x150.jpg 150w, http:\/\/tom-wer.de\/wordpress\/tomwerde\/wp-content\/uploads\/2017\/04\/IMG_2214-48x48.jpg 48w, http:\/\/tom-wer.de\/wordpress\/tomwerde\/wp-content\/uploads\/2017\/04\/IMG_2214-186x186.jpg 186w, http:\/\/tom-wer.de\/wordpress\/tomwerde\/wp-content\/uploads\/2017\/04\/IMG_2214-184x184.jpg 184w\" sizes=\"(max-width: 150px) 100vw, 150px\" \/><\/a>\n\t\t\t<\/dt><\/dl><dl class='gallery-item'>\n\t\t\t<dt class='gallery-icon landscape'>\n\t\t\t\t<a href='http:\/\/www.tom-wer.de\/?attachment_id=129'><img loading=\"lazy\" decoding=\"async\" width=\"150\" height=\"150\" src=\"http:\/\/tom-wer.de\/wordpress\/tomwerde\/wp-content\/uploads\/2017\/04\/20150115_112343-150x150.jpg\" class=\"attachment-thumbnail size-thumbnail\" alt=\"\" srcset=\"http:\/\/tom-wer.de\/wordpress\/tomwerde\/wp-content\/uploads\/2017\/04\/20150115_112343-150x150.jpg 150w, http:\/\/tom-wer.de\/wordpress\/tomwerde\/wp-content\/uploads\/2017\/04\/20150115_112343-48x48.jpg 48w, http:\/\/tom-wer.de\/wordpress\/tomwerde\/wp-content\/uploads\/2017\/04\/20150115_112343-186x186.jpg 186w, http:\/\/tom-wer.de\/wordpress\/tomwerde\/wp-content\/uploads\/2017\/04\/20150115_112343-184x184.jpg 184w\" sizes=\"(max-width: 150px) 100vw, 150px\" \/><\/a>\n\t\t\t<\/dt><\/dl><br style=\"clear: both\" \/>\n\t\t<\/div>\n\n","protected":false},"excerpt":{"rendered":"<p>Der Autor Tom Werde wurde am 29.06.1979 in Bethesda, Maryland, USA, als drittes Kind eines Soldaten und einer Sekret\u00e4rin geboren, ist heute verheiratet und Vater zweier T\u00f6chter. Aufgewachsen in K\u00f6ln fand er dort \u00fcber die ehrenamtliche T\u00e4tigkeit f\u00fcr Feuerwehr und Hilfsorganisationen den Weg zum Medizinstudium, das er 2004 abschloss. Nach Promotion 2007 und Qualifikation zum [&hellip;]<\/p>\n","protected":false},"author":1,"featured_media":0,"parent":0,"menu_order":0,"comment_status":"open","ping_status":"open","template":"","meta":{"footnotes":""},"class_list":["post-2","page","type-page","status-publish","hentry"],"_links":{"self":[{"href":"http:\/\/www.tom-wer.de\/index.php?rest_route=\/wp\/v2\/pages\/2"}],"collection":[{"href":"http:\/\/www.tom-wer.de\/index.php?rest_route=\/wp\/v2\/pages"}],"about":[{"href":"http:\/\/www.tom-wer.de\/index.php?rest_route=\/wp\/v2\/types\/page"}],"author":[{"embeddable":true,"href":"http:\/\/www.tom-wer.de\/index.php?rest_route=\/wp\/v2\/users\/1"}],"replies":[{"embeddable":true,"href":"http:\/\/www.tom-wer.de\/index.php?rest_route=%2Fwp%2Fv2%2Fcomments&post=2"}],"version-history":[{"count":37,"href":"http:\/\/www.tom-wer.de\/index.php?rest_route=\/wp\/v2\/pages\/2\/revisions"}],"predecessor-version":[{"id":173,"href":"http:\/\/www.tom-wer.de\/index.php?rest_route=\/wp\/v2\/pages\/2\/revisions\/173"}],"wp:attachment":[{"href":"http:\/\/www.tom-wer.de\/index.php?rest_route=%2Fwp%2Fv2%2Fmedia&parent=2"}],"curies":[{"name":"wp","href":"https:\/\/api.w.org\/{rel}","templated":true}]}}