{"id":30,"date":"2017-04-27T19:53:40","date_gmt":"2017-04-27T19:53:40","guid":{"rendered":"http:\/\/tom-wer.de\/tomwerde\/?page_id=30"},"modified":"2024-10-10T19:32:20","modified_gmt":"2024-10-10T19:32:20","slug":"schreiben","status":"publish","type":"page","link":"http:\/\/www.tom-wer.de\/?page_id=30","title":{"rendered":"Schreiben."},"content":{"rendered":"<h2 style=\"text-align: center;\">Bibliographie<\/h2>\n<p>&nbsp;<\/p>\n<h4 style=\"text-align: center;\">Death in my life (2024)<\/h4>\n<p>Angesichts meiner emotionalen Verbindung zur englischen Sprache und zahlreichen englisch- bzw. &#8222;nicht-deutsch-sprachigen&#8220; Freunden erschien es mir bereits fr\u00fch einigerma\u00dfen schl\u00fcssig, mein Erstlingswerk &#8222;Mein Leben mit dem Tod&#8220; auch auf Englisch verf\u00fcgbar zu machen. Den finalen Impuls dazu gab mir letzten Endes die Lekt\u00fcre von Atul Gawandes &#8222;Sterblich sein&#8220;, einem Buch, das es wie kein anderes geschafft hat, mich durch ein buntes Potpourri der Emotionen zu f\u00fchren. Zwischen Trauer und Mitleid, Verzweiflung und Entt\u00e4uschung, Euphorie und dringendem Tatendrang war nahezu alles in mir vertreten, das geeignet ist, mein Herz zu bewegen.<\/p>\n<p>Bewegt von dieser Erfahrung und damit gleicherma\u00dfen begeistert von den empathischen und literarischen F\u00e4higkeiten dieses eindrucksvollen Autors war es mir ein echtes Anliegen, insbesondere auch ihm, in dessen Gedankenwelt und Schilderungen ich viele meiner Emotionen aus &#8222;Mein Leben mit dem Tod&#8220; wiederzuerkennen glaube, selbige zug\u00e4nglich zu machen.<\/p>\n<p>Nach der erfolgreichen Ver\u00f6ffentlichung den &#8222;death in my life&#8220; ist es nun also nur die schl\u00fcssige Konsequenz, das sein pers\u00f6nliches Exemplar auf dem Postweg zu ihm unterwegs ist. Ich bin gepannt, ob er Zeit zur Lekt\u00fcre und m\u00f6glicherweise eine kurze Resonanz finden wird.<\/p>\n<p>&#8211;<\/p>\n<div class=\"module--translations-translatedtext js-module--translations-translatedtext is-placeholder\" data-size=\"s\">Based on\u00a0 my emotional connection to the English language and numerous English- or &#8222;non-German-speaking&#8220; friends, from a very early point on it seemed reasonably logical to me\u00a0 to make my first work &#8222;My Life with Death&#8220; available in English.<\/div>\n<div class=\"module--translations-translatedtext js-module--translations-translatedtext is-placeholder\" data-size=\"s\">In the end, the final impulse to do this resulted from reading Atul Gawande&#8217;s &#8222;Being Mortal&#8220;, a book that managed to lead me through a colorful potpourri of emotions like no other before. Between grief and pity, despair and disappointment, euphoria and the urgent impetus for action, almost everything, that is suitable to move my heart, was represented in me.<\/div>\n<div class=\"module--translations-translatedtext js-module--translations-translatedtext is-placeholder\" data-size=\"s\">Moved by this experience and thus equally enthusiastic about the empathetic and literary skills of this impressive author, I felt the urge, to especially provide him, in whose world of thoughts and descriptions I believe to have recognized many of my emotions I put into &#8222;Mein Leben mit dem Tod&#8220;, with just these .<\/div>\n<div data-size=\"s\"><\/div>\n<div style=\"text-align: center;\" data-size=\"s\"><a href=\"http:\/\/tom-wer.de\/wordpress\/tomwerde\/wp-content\/uploads\/2024\/10\/Death_in_my_life-ebook-cover.jpg\"><img loading=\"lazy\" decoding=\"async\" class=\"alignnone size-medium wp-image-385\" src=\"http:\/\/tom-wer.de\/wordpress\/tomwerde\/wp-content\/uploads\/2024\/10\/Death_in_my_life-ebook-cover-234x300.jpg\" alt=\"\" width=\"234\" height=\"300\" srcset=\"http:\/\/tom-wer.de\/wordpress\/tomwerde\/wp-content\/uploads\/2024\/10\/Death_in_my_life-ebook-cover-234x300.jpg 234w, http:\/\/tom-wer.de\/wordpress\/tomwerde\/wp-content\/uploads\/2024\/10\/Death_in_my_life-ebook-cover-798x1024.jpg 798w, http:\/\/tom-wer.de\/wordpress\/tomwerde\/wp-content\/uploads\/2024\/10\/Death_in_my_life-ebook-cover-768x985.jpg 768w, http:\/\/tom-wer.de\/wordpress\/tomwerde\/wp-content\/uploads\/2024\/10\/Death_in_my_life-ebook-cover-1198x1536.jpg 1198w, http:\/\/tom-wer.de\/wordpress\/tomwerde\/wp-content\/uploads\/2024\/10\/Death_in_my_life-ebook-cover-1597x2048.jpg 1597w, http:\/\/tom-wer.de\/wordpress\/tomwerde\/wp-content\/uploads\/2024\/10\/Death_in_my_life-ebook-cover.jpg 1632w\" sizes=\"(max-width: 234px) 100vw, 234px\" \/><\/a><\/div>\n<h4><\/h4>\n<p>&nbsp;<\/p>\n<p>&nbsp;<\/p>\n<h4 style=\"text-align: center;\">Pflege in der Kardiologie und Kardiochirurgie (2024)<\/h4>\n<p>Neben meinen eigenen Werken habe ich das gro\u00dfe Vergn\u00fcgen und die Ehre, gemeinsam mit meiner guten Freundin Katharina Everts und auf ihre Einladung hin, dieses Lehrbuch f\u00fcr die Pflege und Fachpflege vollst\u00e4ndig zu \u00fcberarbeiten und auf der Grundlage der aktuellen wissenschaftlichen Erkenntnisse neu herauszugeben. Ich danke daher an dieser Stelle sowohl Katharina als auch dem Elsevier Verlag f\u00fcr das Vertrauen und die M\u00f6glichkeit, dieses Projekt (nat\u00fcrlich ohne Pseudonym) umzusetzen.<\/p>\n<p style=\"text-align: center;\"><a href=\"http:\/\/tom-wer.de\/wordpress\/tomwerde\/wp-content\/uploads\/2024\/10\/Kardio-Cover.jpg\"><img loading=\"lazy\" decoding=\"async\" class=\"alignnone size-medium wp-image-389\" src=\"http:\/\/tom-wer.de\/wordpress\/tomwerde\/wp-content\/uploads\/2024\/10\/Kardio-Cover-214x300.jpg\" alt=\"\" width=\"214\" height=\"300\" srcset=\"http:\/\/tom-wer.de\/wordpress\/tomwerde\/wp-content\/uploads\/2024\/10\/Kardio-Cover-214x300.jpg 214w, http:\/\/tom-wer.de\/wordpress\/tomwerde\/wp-content\/uploads\/2024\/10\/Kardio-Cover-730x1024.jpg 730w, http:\/\/tom-wer.de\/wordpress\/tomwerde\/wp-content\/uploads\/2024\/10\/Kardio-Cover-768x1077.jpg 768w, http:\/\/tom-wer.de\/wordpress\/tomwerde\/wp-content\/uploads\/2024\/10\/Kardio-Cover-1095x1536.jpg 1095w, http:\/\/tom-wer.de\/wordpress\/tomwerde\/wp-content\/uploads\/2024\/10\/Kardio-Cover.jpg 1426w\" sizes=\"(max-width: 214px) 100vw, 214px\" \/><\/a><\/p>\n<h4><\/h4>\n<h4><\/h4>\n<p>&nbsp;<\/p>\n<h4 style=\"text-align: center;\">Mein Leben mit dem Tod (2017)<\/h4>\n<p>Immer wieder musste ich im Gespr\u00e4ch mit Freunden und Bekannten feststellen, dass sich mein Umgang mit dem Thema \u201eTod und Sterben\u201c doch deutlicher von der \u201enormalen\u201c Bev\u00f6lkerung unterscheidet, als ich lange angenommen hatte. Diese Erkenntnis und die damit verbundene Frage \u201ewarum eigentlich?\u201c brachte mich dazu, meine Einstellung zu Leben und Tod zu hinterfragen. Sie f\u00fchrte mir vor Augen, wie sehr sich mein Blick auf das Ende des Lebens und das Leben selbst im Laufe der Zeit ver\u00e4ndert hat. Die Erinnerung an mehr und mehr pr\u00e4gende Eindr\u00fccke und Erlebnisse weckte die Idee, all dies in einem Buch aufzuarbeiten \u2013 und damit vielleicht auch ein St\u00fcck weit zu verarbeiten.<\/p>\n<p><a href=\"http:\/\/tom-wer.de\/wordpress\/tomwerde\/wp-content\/uploads\/2017\/05\/Cover-ebook-homepage-work-version.jpg\"><img loading=\"lazy\" decoding=\"async\" class=\"size-medium wp-image-184 aligncenter\" src=\"http:\/\/tom-wer.de\/wordpress\/tomwerde\/wp-content\/uploads\/2017\/05\/Cover-ebook-homepage-work-version-247x300.jpg\" alt=\"\" width=\"247\" height=\"300\" srcset=\"http:\/\/tom-wer.de\/wordpress\/tomwerde\/wp-content\/uploads\/2017\/05\/Cover-ebook-homepage-work-version-247x300.jpg 247w, http:\/\/tom-wer.de\/wordpress\/tomwerde\/wp-content\/uploads\/2017\/05\/Cover-ebook-homepage-work-version-768x933.jpg 768w, http:\/\/tom-wer.de\/wordpress\/tomwerde\/wp-content\/uploads\/2017\/05\/Cover-ebook-homepage-work-version-843x1024.jpg 843w, http:\/\/tom-wer.de\/wordpress\/tomwerde\/wp-content\/uploads\/2017\/05\/Cover-ebook-homepage-work-version-260x315.jpg 260w, http:\/\/tom-wer.de\/wordpress\/tomwerde\/wp-content\/uploads\/2017\/05\/Cover-ebook-homepage-work-version-140x170.jpg 140w, http:\/\/tom-wer.de\/wordpress\/tomwerde\/wp-content\/uploads\/2017\/05\/Cover-ebook-homepage-work-version.jpg 1600w\" sizes=\"(max-width: 247px) 100vw, 247px\" \/><\/a><\/p>\n<p>&nbsp;<\/p>\n<h4 style=\"text-align: center;\">Dissertation<\/h4>\n<p>Herzinsuffizienz unter antihypertensiver Therapie: Sind Calcium-Antagonisten die unterlegene Therapie?<\/p>\n<p>&nbsp;<\/p>\n<h2 style=\"text-align: center;\">Lyrik<\/h2>\n<p>Schon in meiner Jugend war das Schreiben von Zeit zu Zeit f\u00fcr mich der Weg, meine Emotionen greifbar zu machen und \u201eloszuwerden\u201c. Meist geschah und geschieht dies auch heute noch in Form von Gedichten.<\/p>\n<p>&nbsp;<\/p>\n<h4 style=\"text-align: center;\">\u201eZeit vertrieben\u201c (2017)<\/h4>\n<p style=\"text-align: center;\">Es treibt und treibt und treibt<\/p>\n<p style=\"text-align: center;\">Mich viel<\/p>\n<p style=\"text-align: center;\">Arbeit und Stress \u2013 was bleibt?<\/p>\n<p style=\"text-align: center;\">Nicht viel!<\/p>\n<p style=\"text-align: center;\">Mehr Zeit zum Zeitvertreib,<\/p>\n<p style=\"text-align: center;\">das w\u00e4r\u2019s!<\/p>\n<p style=\"text-align: center;\">Doch woher nehmen? Reib<\/p>\n<p style=\"text-align: center;\">Ich mehr<\/p>\n<p style=\"text-align: center;\">Mich selbst gar immer weiter auf<\/p>\n<p style=\"text-align: center;\">Im niemals endend Dauerlauf,<\/p>\n<p style=\"text-align: center;\">um Zeit zu spar\u2019n mit Seel und Leib,<\/p>\n<p style=\"text-align: center;\">die ich dann doch \u201enur\u201c mir vertreib?<\/p>\n<p style=\"text-align: center;\">Doch M\u00fc\u00dfiggang darf sein, tut gut \u2013<\/p>\n<p style=\"text-align: center;\">Die Bein&#8216; mach lang, leg hoch, nur Mut<\/p>\n<p style=\"text-align: center;\">Zur Pause einfach dann und wann \u2013<\/p>\n<p style=\"text-align: center;\">Sie tut bereitwillig den Zweck,<\/p>\n<p style=\"text-align: center;\">so dass ich wieder laufen kann,<\/p>\n<p style=\"text-align: center;\">dann l\u00e4uft die Zeit auch mir nicht weg.&lt;<\/p>\n<p>&nbsp;<\/p>\n<p>&nbsp;<\/p>\n<h4 style=\"text-align: center;\">\u201eGebrochenes Eis\u201c (1997)<\/h4>\n<p style=\"text-align: center;\">Gebrochenes Eis, die Sicherheit schwindet,<\/p>\n<p style=\"text-align: center;\">wir tappen hin\u00fcber, als w\u00e4r\u2019n wir erblindet,<\/p>\n<p style=\"text-align: center;\">wie S\u00e4uglinge krabbeln wir unseren Weg<\/p>\n<p style=\"text-align: center;\">ohne zu wissen, wie weit das Eis tr\u00e4gt.<\/p>\n<p style=\"text-align: center;\">Und doch, \u201edas Eis ist gebrochen\u201c, so sagt man sich,<\/p>\n<p style=\"text-align: center;\">doch diesmal betrifft es nur Dich und mich.<\/p>\n<p style=\"text-align: center;\">Erneut die Frage nach Sicherheit,<\/p>\n<p style=\"text-align: center;\">wie weit kann ich gehen?<\/p>\n<p style=\"text-align: center;\">Wof\u00fcr brauch ich noch Zeit?<\/p>\n<p style=\"text-align: center;\">Die Sicherheit r\u00fcckt in weite Ferne<\/p>\n<p style=\"text-align: center;\">Und doch w\u00fcrd\u2018 ich Dir mit Sicherheit gerne<\/p>\n<p style=\"text-align: center;\">Sagen, wie sehr ich Dich mag.<\/p>\n<p style=\"text-align: center;\">Doch ahn ich nicht, wie die Reaktion sein mag<\/p>\n<p style=\"text-align: center;\">Und wart seit Monaten schon und verzag,<\/p>\n<p style=\"text-align: center;\">Dir meine Gef\u00fchle zu zeigen \u2013<\/p>\n<p style=\"text-align: center;\">Mag\u2019s dennoch nicht l\u00e4nger verschweigen.<\/p>\n<p style=\"text-align: center;\">&#8218;S ist so oder so eine Sache f\u00fcr sich,<\/p>\n<p style=\"text-align: center;\">drum gerade heraus: Ich liebe Dich. &lt;<\/p>\n<p style=\"text-align: center;\"><a href=\"http:\/\/tom-wer.de\/wordpress\/tomwerde\/wp-content\/uploads\/2017\/05\/neobooks-neu-e1493633913892.png\"><img loading=\"lazy\" decoding=\"async\" class=\"alignright wp-image-176 size-full\" src=\"http:\/\/tom-wer.de\/wordpress\/tomwerde\/wp-content\/uploads\/2017\/05\/neobooks-neu-e1493633913892.png\" alt=\"\" width=\"150\" height=\"52\" \/><\/a><\/p>\n","protected":false},"excerpt":{"rendered":"<p>Bibliographie &nbsp; Death in my life (2024) Angesichts meiner emotionalen Verbindung zur englischen Sprache und zahlreichen englisch- bzw. &#8222;nicht-deutsch-sprachigen&#8220; Freunden erschien es mir bereits fr\u00fch einigerma\u00dfen schl\u00fcssig, mein Erstlingswerk &#8222;Mein Leben mit dem Tod&#8220; auch auf Englisch verf\u00fcgbar zu machen. Den finalen Impuls dazu gab mir letzten Endes die Lekt\u00fcre von Atul Gawandes &#8222;Sterblich sein&#8220;, [&hellip;]<\/p>\n","protected":false},"author":1,"featured_media":0,"parent":0,"menu_order":0,"comment_status":"closed","ping_status":"closed","template":"","meta":{"footnotes":""},"class_list":["post-30","page","type-page","status-publish","hentry"],"_links":{"self":[{"href":"http:\/\/www.tom-wer.de\/index.php?rest_route=\/wp\/v2\/pages\/30"}],"collection":[{"href":"http:\/\/www.tom-wer.de\/index.php?rest_route=\/wp\/v2\/pages"}],"about":[{"href":"http:\/\/www.tom-wer.de\/index.php?rest_route=\/wp\/v2\/types\/page"}],"author":[{"embeddable":true,"href":"http:\/\/www.tom-wer.de\/index.php?rest_route=\/wp\/v2\/users\/1"}],"replies":[{"embeddable":true,"href":"http:\/\/www.tom-wer.de\/index.php?rest_route=%2Fwp%2Fv2%2Fcomments&post=30"}],"version-history":[{"count":21,"href":"http:\/\/www.tom-wer.de\/index.php?rest_route=\/wp\/v2\/pages\/30\/revisions"}],"predecessor-version":[{"id":391,"href":"http:\/\/www.tom-wer.de\/index.php?rest_route=\/wp\/v2\/pages\/30\/revisions\/391"}],"wp:attachment":[{"href":"http:\/\/www.tom-wer.de\/index.php?rest_route=%2Fwp%2Fv2%2Fmedia&parent=30"}],"curies":[{"name":"wp","href":"https:\/\/api.w.org\/{rel}","templated":true}]}}