{"id":27,"date":"2017-04-23T20:37:03","date_gmt":"2017-04-23T20:37:03","guid":{"rendered":"http:\/\/tom-wer.de\/tomwerde\/?page_id=27"},"modified":"2024-10-10T18:50:16","modified_gmt":"2024-10-10T18:50:16","slug":"retten","status":"publish","type":"page","link":"https:\/\/www.tom-wer.de\/?page_id=27","title":{"rendered":"Retten."},"content":{"rendered":"<h2 style=\"text-align: center;\">Medizinische Vita<\/h2>\n<p>Nach Abschluss des Medizinstudiums an der Universit\u00e4t zu K\u00f6ln 2004 absolvierte ich die Weiterbildung zum Facharzt f\u00fcr Orthop\u00e4die und Unfallchirurgie bis 2011, promovierte 2007 und erwarb 2009 die Zusatzbezeichnung Notfallmedizin. Nachdem ich bereits w\u00e4hrend der gesamten Dauer meiner Klinikt\u00e4tigkeit begleitend not\u00e4rztlich f\u00fcr verschiedene Kreise und kreisfreie St\u00e4dte t\u00e4tig war, arbeitete ich seit 2012 hauptberuflich als Notarzt f\u00fcr einen Landkreis in NRW und zeitweise nebenberuflich f\u00fcr andere Dienstgeber.<\/p>\n<p>Seit April 2024 bin ich derzeit hauptberuflich als leitender Notarzt f\u00fcr die Feuerwehr einer Millionenstadt t\u00e4tig.<\/p>\n<p>&nbsp;<\/p>\n<h2 style=\"text-align: center;\">Dozent<\/h2>\n<p>Neben meinem Hauptberuf bin ich als Instruktor und medizinischer Kursdirektor f\u00fcr PHTLS und TECC Deutschland t\u00e4tig und arbeite zeitweise als Dozent und Fachpr\u00fcfer in der Aus- und Fortbildung von Rettungsassistenten und Notfallsanit\u00e4tern (Schwerpunkte Traumaversorgung, Pharmakologie, CRM).<\/p>\n<p><span style=\"color: #999999;\"><em><a style=\"color: #999999;\" href=\"http:\/\/www.phtls.de\/\">http:\/\/www.phtls.de\/<\/a><\/em><\/span><\/p>\n<p><span style=\"color: #808080;\"><em>http:\/\/www.tecc-germany.de\/<\/em><\/span><\/p>\n<p><span style=\"color: #999999;\"><em><a style=\"color: #999999;\" href=\"https:\/\/www.faktormens.ch\/\">https:\/\/www.faktormens.ch\/<\/a><\/em><\/span><\/p>\n<p>&nbsp;<\/p>\n<h2 style=\"text-align: center;\">GT\u00dcM<\/h2>\n<p>Angesichts meiner Leidenschaft f\u00fcr das Sporttauchen ist es nur eine logische Folge, dass ich inzwischen zur Tauchtauglichkeitsuntersuchung zertifiziert bin (GT\u00dcM-Diplom).<\/p>\n<p><span style=\"color: #999999;\"><em><a style=\"color: #999999;\" href=\"https:\/\/www.gtuem.org\/\">https:\/\/www.gtuem.org\/<\/a><\/em><\/span><\/p>\n<p>&nbsp;<\/p>\n<h2 style=\"text-align: center;\">Feuerwehr<\/h2>\n<p>Im Alter von 13 Jahren trat ich der Jugendfeuerwehr an meinem Wohnort bei und bin seit 1996 ehrenamtlich als aktives Mitglied der freiwilligen Feuerwehr t\u00e4tig. Nach Durchlaufen der Laufbahnausbildung und darauf folgenden F\u00fchrungslehrg\u00e4ngen bekleide ich dort seit 2016 den Rang eines Brandinspektors.<\/p>\n<p><span style=\"color: #999999;\"><em>http:\/\/www.feuerwehr-loevenich.de\/<\/em><\/span><\/p>\n\n\t\t<style type=\"text\/css\">\n\t\t\t#gallery-1 {\n\t\t\t\tmargin: auto;\n\t\t\t}\n\t\t\t#gallery-1 .gallery-item {\n\t\t\t\tfloat: left;\n\t\t\t\tmargin-top: 10px;\n\t\t\t\ttext-align: center;\n\t\t\t\twidth: 14%;\n\t\t\t}\n\t\t\t#gallery-1 img {\n\t\t\t\tborder: 2px solid #cfcfcf;\n\t\t\t}\n\t\t\t#gallery-1 .gallery-caption {\n\t\t\t\tmargin-left: 0;\n\t\t\t}\n\t\t\t\/* see gallery_shortcode() in wp-includes\/media.php *\/\n\t\t<\/style>\n\t\t<div id='gallery-1' class='gallery galleryid-27 gallery-columns-7 gallery-size-thumbnail'><dl class='gallery-item'>\n\t\t\t<dt class='gallery-icon portrait'>\n\t\t\t\t<a href='https:\/\/www.tom-wer.de\/?attachment_id=168'><img loading=\"lazy\" decoding=\"async\" width=\"150\" height=\"150\" src=\"https:\/\/tom-wer.de\/wordpress\/tomwerde\/wp-content\/uploads\/2017\/05\/FFLV-150x150.png\" class=\"attachment-thumbnail size-thumbnail\" alt=\"\" srcset=\"http:\/\/tom-wer.de\/wordpress\/tomwerde\/wp-content\/uploads\/2017\/05\/FFLV-150x150.png 150w, http:\/\/tom-wer.de\/wordpress\/tomwerde\/wp-content\/uploads\/2017\/05\/FFLV-48x48.png 48w, http:\/\/tom-wer.de\/wordpress\/tomwerde\/wp-content\/uploads\/2017\/05\/FFLV-186x186.png 186w, http:\/\/tom-wer.de\/wordpress\/tomwerde\/wp-content\/uploads\/2017\/05\/FFLV-184x184.png 184w\" sizes=\"(max-width: 150px) 100vw, 150px\" \/><\/a>\n\t\t\t<\/dt><\/dl><dl class='gallery-item'>\n\t\t\t<dt class='gallery-icon landscape'>\n\t\t\t\t<a href='https:\/\/www.tom-wer.de\/?attachment_id=133'><img loading=\"lazy\" decoding=\"async\" width=\"150\" height=\"150\" src=\"https:\/\/tom-wer.de\/wordpress\/tomwerde\/wp-content\/uploads\/2017\/04\/IMG_4049-150x150.jpg\" class=\"attachment-thumbnail size-thumbnail\" alt=\"\" srcset=\"http:\/\/tom-wer.de\/wordpress\/tomwerde\/wp-content\/uploads\/2017\/04\/IMG_4049-150x150.jpg 150w, http:\/\/tom-wer.de\/wordpress\/tomwerde\/wp-content\/uploads\/2017\/04\/IMG_4049-48x48.jpg 48w, http:\/\/tom-wer.de\/wordpress\/tomwerde\/wp-content\/uploads\/2017\/04\/IMG_4049-186x186.jpg 186w, http:\/\/tom-wer.de\/wordpress\/tomwerde\/wp-content\/uploads\/2017\/04\/IMG_4049-184x184.jpg 184w\" sizes=\"(max-width: 150px) 100vw, 150px\" \/><\/a>\n\t\t\t<\/dt><\/dl><dl class='gallery-item'>\n\t\t\t<dt class='gallery-icon landscape'>\n\t\t\t\t<a href='https:\/\/www.tom-wer.de\/?attachment_id=132'><img loading=\"lazy\" decoding=\"async\" width=\"150\" height=\"150\" src=\"https:\/\/tom-wer.de\/wordpress\/tomwerde\/wp-content\/uploads\/2017\/04\/IMG_4029-150x150.jpg\" class=\"attachment-thumbnail size-thumbnail\" alt=\"\" srcset=\"http:\/\/tom-wer.de\/wordpress\/tomwerde\/wp-content\/uploads\/2017\/04\/IMG_4029-150x150.jpg 150w, http:\/\/tom-wer.de\/wordpress\/tomwerde\/wp-content\/uploads\/2017\/04\/IMG_4029-48x48.jpg 48w, http:\/\/tom-wer.de\/wordpress\/tomwerde\/wp-content\/uploads\/2017\/04\/IMG_4029-186x186.jpg 186w, http:\/\/tom-wer.de\/wordpress\/tomwerde\/wp-content\/uploads\/2017\/04\/IMG_4029-184x184.jpg 184w\" sizes=\"(max-width: 150px) 100vw, 150px\" \/><\/a>\n\t\t\t<\/dt><\/dl><dl class='gallery-item'>\n\t\t\t<dt class='gallery-icon landscape'>\n\t\t\t\t<a href='https:\/\/www.tom-wer.de\/?attachment_id=131'><img loading=\"lazy\" decoding=\"async\" width=\"150\" height=\"150\" src=\"https:\/\/tom-wer.de\/wordpress\/tomwerde\/wp-content\/uploads\/2017\/04\/IMG_4026-150x150.jpg\" class=\"attachment-thumbnail size-thumbnail\" alt=\"\" srcset=\"http:\/\/tom-wer.de\/wordpress\/tomwerde\/wp-content\/uploads\/2017\/04\/IMG_4026-150x150.jpg 150w, http:\/\/tom-wer.de\/wordpress\/tomwerde\/wp-content\/uploads\/2017\/04\/IMG_4026-48x48.jpg 48w, http:\/\/tom-wer.de\/wordpress\/tomwerde\/wp-content\/uploads\/2017\/04\/IMG_4026-186x186.jpg 186w, http:\/\/tom-wer.de\/wordpress\/tomwerde\/wp-content\/uploads\/2017\/04\/IMG_4026-184x184.jpg 184w\" sizes=\"(max-width: 150px) 100vw, 150px\" \/><\/a>\n\t\t\t<\/dt><\/dl><dl class='gallery-item'>\n\t\t\t<dt class='gallery-icon landscape'>\n\t\t\t\t<a href='https:\/\/www.tom-wer.de\/?attachment_id=169'><img loading=\"lazy\" decoding=\"async\" width=\"150\" height=\"150\" src=\"https:\/\/tom-wer.de\/wordpress\/tomwerde\/wp-content\/uploads\/2017\/05\/phtls-150x150.jpg\" class=\"attachment-thumbnail size-thumbnail\" alt=\"\" srcset=\"http:\/\/tom-wer.de\/wordpress\/tomwerde\/wp-content\/uploads\/2017\/05\/phtls-150x150.jpg 150w, http:\/\/tom-wer.de\/wordpress\/tomwerde\/wp-content\/uploads\/2017\/05\/phtls-48x48.jpg 48w, http:\/\/tom-wer.de\/wordpress\/tomwerde\/wp-content\/uploads\/2017\/05\/phtls-186x186.jpg 186w, http:\/\/tom-wer.de\/wordpress\/tomwerde\/wp-content\/uploads\/2017\/05\/phtls-184x184.jpg 184w, http:\/\/tom-wer.de\/wordpress\/tomwerde\/wp-content\/uploads\/2017\/05\/phtls.jpg 200w\" sizes=\"(max-width: 150px) 100vw, 150px\" \/><\/a>\n\t\t\t<\/dt><\/dl><dl class='gallery-item'>\n\t\t\t<dt class='gallery-icon landscape'>\n\t\t\t\t<a href='https:\/\/www.tom-wer.de\/?attachment_id=128'><img loading=\"lazy\" decoding=\"async\" width=\"150\" height=\"150\" src=\"https:\/\/tom-wer.de\/wordpress\/tomwerde\/wp-content\/uploads\/2017\/04\/20150104_091333-150x150.jpg\" class=\"attachment-thumbnail size-thumbnail\" alt=\"\" srcset=\"http:\/\/tom-wer.de\/wordpress\/tomwerde\/wp-content\/uploads\/2017\/04\/20150104_091333-150x150.jpg 150w, http:\/\/tom-wer.de\/wordpress\/tomwerde\/wp-content\/uploads\/2017\/04\/20150104_091333-48x48.jpg 48w, http:\/\/tom-wer.de\/wordpress\/tomwerde\/wp-content\/uploads\/2017\/04\/20150104_091333-186x186.jpg 186w, http:\/\/tom-wer.de\/wordpress\/tomwerde\/wp-content\/uploads\/2017\/04\/20150104_091333-184x184.jpg 184w\" sizes=\"(max-width: 150px) 100vw, 150px\" \/><\/a>\n\t\t\t<\/dt><\/dl><dl class='gallery-item'>\n\t\t\t<dt class='gallery-icon landscape'>\n\t\t\t\t<a href='https:\/\/www.tom-wer.de\/?attachment_id=167'><img loading=\"lazy\" decoding=\"async\" width=\"150\" height=\"150\" src=\"https:\/\/tom-wer.de\/wordpress\/tomwerde\/wp-content\/uploads\/2017\/05\/gt\u00fcm-150x150.png\" class=\"attachment-thumbnail size-thumbnail\" alt=\"\" srcset=\"http:\/\/tom-wer.de\/wordpress\/tomwerde\/wp-content\/uploads\/2017\/05\/gt\u00fcm-150x150.png 150w, http:\/\/tom-wer.de\/wordpress\/tomwerde\/wp-content\/uploads\/2017\/05\/gt\u00fcm-48x48.png 48w, http:\/\/tom-wer.de\/wordpress\/tomwerde\/wp-content\/uploads\/2017\/05\/gt\u00fcm-186x186.png 186w, http:\/\/tom-wer.de\/wordpress\/tomwerde\/wp-content\/uploads\/2017\/05\/gt\u00fcm-184x184.png 184w\" sizes=\"(max-width: 150px) 100vw, 150px\" \/><\/a>\n\t\t\t<\/dt><\/dl><br style=\"clear: both\" \/>\n\t\t<\/div>\n\n","protected":false},"excerpt":{"rendered":"<p>Medizinische Vita Nach Abschluss des Medizinstudiums an der Universit\u00e4t zu K\u00f6ln 2004 absolvierte ich die Weiterbildung zum Facharzt f\u00fcr Orthop\u00e4die und Unfallchirurgie bis 2011, promovierte 2007 und erwarb 2009 die Zusatzbezeichnung Notfallmedizin. Nachdem ich bereits w\u00e4hrend der gesamten Dauer meiner Klinikt\u00e4tigkeit begleitend not\u00e4rztlich f\u00fcr verschiedene Kreise und kreisfreie St\u00e4dte t\u00e4tig war, arbeitete ich seit 2012 [&hellip;]<\/p>\n","protected":false},"author":1,"featured_media":0,"parent":0,"menu_order":0,"comment_status":"closed","ping_status":"closed","template":"","meta":{"footnotes":""},"class_list":["post-27","page","type-page","status-publish","hentry"],"_links":{"self":[{"href":"https:\/\/www.tom-wer.de\/index.php?rest_route=\/wp\/v2\/pages\/27"}],"collection":[{"href":"https:\/\/www.tom-wer.de\/index.php?rest_route=\/wp\/v2\/pages"}],"about":[{"href":"https:\/\/www.tom-wer.de\/index.php?rest_route=\/wp\/v2\/types\/page"}],"author":[{"embeddable":true,"href":"https:\/\/www.tom-wer.de\/index.php?rest_route=\/wp\/v2\/users\/1"}],"replies":[{"embeddable":true,"href":"https:\/\/www.tom-wer.de\/index.php?rest_route=%2Fwp%2Fv2%2Fcomments&post=27"}],"version-history":[{"count":13,"href":"https:\/\/www.tom-wer.de\/index.php?rest_route=\/wp\/v2\/pages\/27\/revisions"}],"predecessor-version":[{"id":387,"href":"https:\/\/www.tom-wer.de\/index.php?rest_route=\/wp\/v2\/pages\/27\/revisions\/387"}],"wp:attachment":[{"href":"https:\/\/www.tom-wer.de\/index.php?rest_route=%2Fwp%2Fv2%2Fmedia&parent=27"}],"curies":[{"name":"wp","href":"https:\/\/api.w.org\/{rel}","templated":true}]}}